{"id":257,"date":"2023-11-25T22:12:31","date_gmt":"2023-11-26T01:12:31","guid":{"rendered":"https:\/\/iskconbrasil.com\/?page_id=257"},"modified":"2024-05-05T12:35:56","modified_gmt":"2024-05-05T15:35:56","slug":"vegetarianismo","status":"publish","type":"page","link":"https:\/\/iskconbrasil.com\/index.php\/vegetarianismo\/","title":{"rendered":"Vegetarianismo"},"content":{"rendered":"\t\t<div data-elementor-type=\"wp-page\" data-elementor-id=\"257\" class=\"elementor elementor-257\">\n\t\t\t\t<div class=\"elementor-element elementor-element-3700f6bf e-flex e-con-boxed e-con e-parent\" data-id=\"3700f6bf\" data-element_type=\"container\" data-e-type=\"container\">\n\t\t\t\t\t<div class=\"e-con-inner\">\n\t\t\t\t<div class=\"elementor-element elementor-element-8f4d503 elementor-widget elementor-widget-text-editor\" data-id=\"8f4d503\" data-element_type=\"widget\" data-e-type=\"widget\" data-widget_type=\"text-editor.default\">\n\t\t\t\t<div class=\"elementor-widget-container\">\n\t\t\t\t\t\t\t\t\t\n<p>\u00c0s vezes chamada de \u201creligi\u00e3o da cozinha\u201d, a ISKCON, ou Movimento Hare Krishna, acredita que a arte de cozinhar \u00e9 uma experi\u00eancia sagrada. A prepara\u00e7\u00e3o e consumo de alimentos devem basear-se em princ\u00edpios de compaix\u00e3o, n\u00e3o-viol\u00eancia e vida equilibrada. Assim, os devotos de Krishna defendem uma dieta lacto-vegetariana, evitando estritamente carne, peixe e ovos.<\/p>\n\n\n\n<p>A Bhagavad-gita declara ainda que aquele que amorosamente oferece seu alimento a Deus de acordo com as diretrizes das escrituras fica livre de rea\u00e7\u00f5es pecaminosas, ou carma. Acabar com a matan\u00e7a de animais reduz a nossa d\u00edvida c\u00e1rmica coletiva e, assim, ajuda a aliviar os horrores da guerra que tanto assolam o mundo moderno.<\/p>\n\n\n\n<p>Mais do que apenas praticar uma dieta vegetariana, os membros da ISKCON promovem ativamente o vegetarianismo. Os devotos de Krishna s\u00e3o autores de muitos livros de receitas altamente aclamados, incluindo o best-seller \u201cGosto Superior \u2013 Um Guia Pr\u00e1tico do vegetarianismo\u201d, com mais de um milh\u00e3o de c\u00f3pias impressas. J\u00e1 em 1992, Yamuna Devi recebeu o pr\u00eamio James Beard de Melhor Livro de Receitas Internacional por seu cl\u00e1ssico texto vegetariano Yamuna\u2019s Table. E o chef australiano Kurma Dasa n\u00e3o s\u00f3 \u00e9 autor de v\u00e1rios livros de receitas, mas tamb\u00e9m a sua popular s\u00e9rie \u201cCooking with Kurma\u201d foi transmitida em esta\u00e7\u00f5es de televis\u00e3o p\u00fablicas em todo o mundo.<\/p>\n\n\n\n<p>Al\u00e9m disso, existem cerca de 100 restaurantes Hare Krishna em todo o mundo, incluindo Nova Iorque, Los Angeles, Nova Deli, Mumbai, Calcut\u00e1, Roma, Londres, Lima, Buenos Aires, S\u00e3o Paulo, Rio de Janeiro, Nairobhi, Sydney e Melbourne. Os templos da ISKCON tamb\u00e9m organizam aulas de culin\u00e1ria vegetariana, e milh\u00f5es de pessoas foram expostas e incentivadas a adotar uma dieta vegetariana nos programas semanais de festa dominical dos templos da ISKCON.<\/p>\n\n\n\n<p>A ISKCON tamb\u00e9m distribui diariamente mais de um milh\u00e3o de pratos de comida vegetariana santificada gratuita atrav\u00e9s do seu programa Food for Life (Alimentos para Vida), tornando-o o maior programa de ajuda alimentar vegetariana gratuita do mundo.<\/p>\n\n\n\n<p>V\u00e1rias comunidades agr\u00edcolas da ISKCON, como a fazenda Gita Nagari, na zona rural da Pensilv\u00e2nia, e Bhaktivedanta Manor, nos arredores de Londres, produzem leite livre de crueldade ou leite ahimsa (sem viol\u00eancia), garantindo que nenhuma vaca, bezerro ou touro seja abatido na produ\u00e7\u00e3o de leite, mas sim tratado com respeito, amor e cuidado.<\/p>\n\t\t\t\t\t\t\t\t<\/div>\n\t\t\t\t<\/div>\n\t\t\t\t\t<\/div>\n\t\t\t\t<\/div>\n\t\t\t\t<\/div>\n\t\t","protected":false},"excerpt":{"rendered":"<p>\u00c0s vezes chamada de \u201creligi\u00e3o da cozinha\u201d, a ISKCON, ou Movimento Hare Krishna, acredita que a arte de cozinhar \u00e9 uma experi\u00eancia sagrada. A prepara\u00e7\u00e3o e consumo de alimentos devem basear-se em princ\u00edpios de compaix\u00e3o, n\u00e3o-viol\u00eancia e vida equilibrada. Assim, os devotos de Krishna defendem uma dieta lacto-vegetariana, evitando estritamente carne, peixe e ovos. A [&hellip;]<\/p>\n","protected":false},"author":1,"featured_media":0,"parent":0,"menu_order":0,"comment_status":"closed","ping_status":"closed","template":"","meta":{"_uag_custom_page_level_css":"","_themeisle_gutenberg_block_has_review":false,"footnotes":""},"class_list":["post-257","page","type-page","status-publish","hentry"],"_hostinger_reach_plugin_has_subscription_block":false,"_hostinger_reach_plugin_is_elementor":false,"uagb_featured_image_src":{"full":false,"thumbnail":false,"medium":false,"medium_large":false,"large":false,"1536x1536":false,"2048x2048":false},"uagb_author_info":{"display_name":"iskconbrasil.com","author_link":"https:\/\/iskconbrasil.com\/index.php\/author\/iskconbrasil-com\/"},"uagb_comment_info":0,"uagb_excerpt":"\u00c0s vezes chamada de \u201creligi\u00e3o da cozinha\u201d, a ISKCON, ou Movimento Hare Krishna, acredita que a arte de cozinhar \u00e9 uma experi\u00eancia sagrada. A prepara\u00e7\u00e3o e consumo de alimentos devem basear-se em princ\u00edpios de compaix\u00e3o, n\u00e3o-viol\u00eancia e vida equilibrada. Assim, os devotos de Krishna defendem uma dieta lacto-vegetariana, evitando estritamente carne, peixe e ovos. A&hellip;","_links":{"self":[{"href":"https:\/\/iskconbrasil.com\/index.php\/wp-json\/wp\/v2\/pages\/257","targetHints":{"allow":["GET"]}}],"collection":[{"href":"https:\/\/iskconbrasil.com\/index.php\/wp-json\/wp\/v2\/pages"}],"about":[{"href":"https:\/\/iskconbrasil.com\/index.php\/wp-json\/wp\/v2\/types\/page"}],"author":[{"embeddable":true,"href":"https:\/\/iskconbrasil.com\/index.php\/wp-json\/wp\/v2\/users\/1"}],"replies":[{"embeddable":true,"href":"https:\/\/iskconbrasil.com\/index.php\/wp-json\/wp\/v2\/comments?post=257"}],"version-history":[{"count":4,"href":"https:\/\/iskconbrasil.com\/index.php\/wp-json\/wp\/v2\/pages\/257\/revisions"}],"predecessor-version":[{"id":498,"href":"https:\/\/iskconbrasil.com\/index.php\/wp-json\/wp\/v2\/pages\/257\/revisions\/498"}],"wp:attachment":[{"href":"https:\/\/iskconbrasil.com\/index.php\/wp-json\/wp\/v2\/media?parent=257"}],"curies":[{"name":"wp","href":"https:\/\/api.w.org\/{rel}","templated":true}]}}