{"id":2,"date":"2023-11-12T18:25:36","date_gmt":"2023-11-12T21:25:36","guid":{"rendered":"http:\/\/iskconbrasil.com\/?page_id=2"},"modified":"2024-05-05T08:37:15","modified_gmt":"2024-05-05T11:37:15","slug":"o-que-e-a-iskcon","status":"publish","type":"page","link":"https:\/\/iskconbrasil.com\/index.php\/o-que-e-a-iskcon\/","title":{"rendered":"O que \u00e9 a ISKCON?"},"content":{"rendered":"\t\t<div data-elementor-type=\"wp-page\" data-elementor-id=\"2\" class=\"elementor elementor-2\">\n\t\t\t\t<div class=\"elementor-element elementor-element-2d54b164 e-flex e-con-boxed e-con e-parent\" data-id=\"2d54b164\" data-element_type=\"container\" data-e-type=\"container\">\n\t\t\t\t\t<div class=\"e-con-inner\">\n\t\t\t\t<div class=\"elementor-element elementor-element-57fc4b34 elementor-widget elementor-widget-text-editor\" data-id=\"57fc4b34\" data-element_type=\"widget\" data-e-type=\"widget\" data-widget_type=\"text-editor.default\">\n\t\t\t\t<div class=\"elementor-widget-container\">\n\t\t\t\t\t\t\t\t\t\n<p>A Sociedade Internacional para a Consci\u00eancia de Krishna (ISKCON), tamb\u00e9m conhecida como movimento Hare Krishna, inclui quinhentos grandes centros, templos e comunidades rurais, quase cem restaurantes vegetarianos afiliados, milhares de namahattas ou grupos de reuni\u00f5es locais, uma ampla variedade de projetos comunit\u00e1rios. e milh\u00f5es de membros congregacionais em todo o mundo. Embora esteja h\u00e1 menos de cinquenta anos no cen\u00e1rio global, a ISKCON expandiu-se amplamente desde a sua funda\u00e7\u00e3o por Sua Divina Gra\u00e7a A. C. Bhaktivedanta Swami Prabhup\u0101da na cidade de Nova Iorque em 1966.<\/p>\n\n\n\n<p>A ISKCON pertence \u00e0 Gaudiya-Vaishnava samprad\u0101ya, uma tradi\u00e7\u00e3o monote\u00edsta dentro da cultura v\u00e9dica ou hindu. Filosoficamente, \u00e9 baseado nos textos s\u00e2nscritos Bhagavad-g\u012bt\u0101 e no Bhagavat Purana, ou Srimad Bhagavatam. Estes s\u00e3o os textos hist\u00f3ricos da tradi\u00e7\u00e3o devocional de bhakti yoga, que ensina que o objetivo final para todos os seres vivos \u00e9 redespertar o seu amor por Deus, ou Senhor Krishna, o \u201ctodo-atraente\u201d.<\/p>\n\n\n\n<p>Deus \u00e9 conhecido em todo o mundo por muitos nomes, incluindo Al\u00e1, Jeov\u00e1, Yahweh, Rama, etc. Os devotos da ISKCON cantam os nomes de Deus na forma do maha-mantra, ou a grande ora\u00e7\u00e3o pela liberta\u00e7\u00e3o: Hare Krishna, Hare Krishna, Krishna Krishna, Hare Hare\/Hare Rama Hare Rama, Rama Rama, Hare Hare.<\/p>\n\n\n\n<p>Muitos acad\u00eamicos importantes destacaram a autenticidade da ISKCON. Diana Eck, professora de Religi\u00e3o Comparada e Estudos Indianos na Universidade de Harvard, descreve o movimento como \u201cuma tradi\u00e7\u00e3o que ocupa um lugar respeitado na vida religiosa da humanidade\u201d. Na d\u00e9cada de 1980, o Dr. A. L. Basham, uma das autoridades mundiais em hist\u00f3ria e cultura indiana, escreveu sobre a ISKCON que: \u201cEla surgiu do quase nada em menos de vinte anos e tornou-se conhecida em todo o Ocidente. Sinto que isto \u00e9 um sinal dos tempos e um facto importante na hist\u00f3ria do mundo ocidental.\u201d [Sugiro inclus\u00e3o de uma cita\u00e7\u00e3o mais recente &#8211; verificar com Prabhu Lokashaksi]<\/p>\n\n\n\n<p>O fundador da ISKCON Srila Prabhupada, atraiu o apre\u00e7o de estudiosos e l\u00edderes religiosos por sua not\u00e1vel conquista em apresentar a cultura espiritual Vaishnava da \u00cdndia de uma maneira relevante para o p\u00fablico contempor\u00e2neo ocidental e mundial.<\/p>\n\n\n\n<p>Os membros da ISKCON praticam bhakti-yoga em suas casas e em templos. Eles promovem bhakti-yoga, ou a pr\u00e1tica para o despertar da Consci\u00eancia de Krishna, por meio de festivais, artes c\u00eanicas, semin\u00e1rios de yoga, cantos p\u00fablicos e distribui\u00e7\u00e3o de literaturas da sociedade. Os membros da ISKCON tamb\u00e9m abriram hospitais, escolas, faculdades, ecovilas, projetos de distribui\u00e7\u00e3o gratuita de alimentos e outras institui\u00e7\u00f5es como uma aplica\u00e7\u00e3o pr\u00e1tica do caminho do yoga devocional.<\/p>\n\n\n\n<p>Em sua ess\u00eancia a ISKCON &#8211; Sociedade Internacional para a Consci\u00eancia de Krishna \u00e9 o resultado do esfor\u00e7o coletivo de seus membros para promover e gerir projetos, eventos, templos e comunidades que visem difundir e estabelecer a pr\u00e1tica de bhakti yoga.<\/p>\n\t\t\t\t\t\t\t\t<\/div>\n\t\t\t\t<\/div>\n\t\t\t\t\t<\/div>\n\t\t\t\t<\/div>\n\t\t\t\t<\/div>\n\t\t","protected":false},"excerpt":{"rendered":"<p>A Sociedade Internacional para a Consci\u00eancia de Krishna (ISKCON), tamb\u00e9m conhecida como movimento Hare Krishna, inclui quinhentos grandes centros, templos e comunidades rurais, quase cem restaurantes vegetarianos afiliados, milhares de namahattas ou grupos de reuni\u00f5es locais, uma ampla variedade de projetos comunit\u00e1rios. e milh\u00f5es de membros congregacionais em todo o mundo. Embora esteja h\u00e1 menos [&hellip;]<\/p>\n","protected":false},"author":1,"featured_media":0,"parent":0,"menu_order":0,"comment_status":"closed","ping_status":"closed","template":"","meta":{"_uag_custom_page_level_css":"","_themeisle_gutenberg_block_has_review":false,"footnotes":""},"class_list":["post-2","page","type-page","status-publish","hentry"],"_hostinger_reach_plugin_has_subscription_block":false,"_hostinger_reach_plugin_is_elementor":false,"uagb_featured_image_src":{"full":false,"thumbnail":false,"medium":false,"medium_large":false,"large":false,"1536x1536":false,"2048x2048":false},"uagb_author_info":{"display_name":"iskconbrasil.com","author_link":"https:\/\/iskconbrasil.com\/index.php\/author\/iskconbrasil-com\/"},"uagb_comment_info":0,"uagb_excerpt":"A Sociedade Internacional para a Consci\u00eancia de Krishna (ISKCON), tamb\u00e9m conhecida como movimento Hare Krishna, inclui quinhentos grandes centros, templos e comunidades rurais, quase cem restaurantes vegetarianos afiliados, milhares de namahattas ou grupos de reuni\u00f5es locais, uma ampla variedade de projetos comunit\u00e1rios. e milh\u00f5es de membros congregacionais em todo o mundo. Embora esteja h\u00e1 menos&hellip;","_links":{"self":[{"href":"https:\/\/iskconbrasil.com\/index.php\/wp-json\/wp\/v2\/pages\/2","targetHints":{"allow":["GET"]}}],"collection":[{"href":"https:\/\/iskconbrasil.com\/index.php\/wp-json\/wp\/v2\/pages"}],"about":[{"href":"https:\/\/iskconbrasil.com\/index.php\/wp-json\/wp\/v2\/types\/page"}],"author":[{"embeddable":true,"href":"https:\/\/iskconbrasil.com\/index.php\/wp-json\/wp\/v2\/users\/1"}],"replies":[{"embeddable":true,"href":"https:\/\/iskconbrasil.com\/index.php\/wp-json\/wp\/v2\/comments?post=2"}],"version-history":[{"count":9,"href":"https:\/\/iskconbrasil.com\/index.php\/wp-json\/wp\/v2\/pages\/2\/revisions"}],"predecessor-version":[{"id":365,"href":"https:\/\/iskconbrasil.com\/index.php\/wp-json\/wp\/v2\/pages\/2\/revisions\/365"}],"wp:attachment":[{"href":"https:\/\/iskconbrasil.com\/index.php\/wp-json\/wp\/v2\/media?parent=2"}],"curies":[{"name":"wp","href":"https:\/\/api.w.org\/{rel}","templated":true}]}}