{"id":179,"date":"2023-11-25T21:02:10","date_gmt":"2023-11-26T00:02:10","guid":{"rendered":"https:\/\/iskconbrasil.com\/?page_id=179"},"modified":"2024-05-05T12:37:11","modified_gmt":"2024-05-05T15:37:11","slug":"reencarnacao","status":"publish","type":"page","link":"https:\/\/iskconbrasil.com\/index.php\/reencarnacao\/","title":{"rendered":"Reencarna\u00e7\u00e3o"},"content":{"rendered":"\t\t<div data-elementor-type=\"wp-page\" data-elementor-id=\"179\" class=\"elementor elementor-179\">\n\t\t\t\t<div class=\"elementor-element elementor-element-5f7856f4 e-flex e-con-boxed e-con e-parent\" data-id=\"5f7856f4\" data-element_type=\"container\" data-e-type=\"container\">\n\t\t\t\t\t<div class=\"e-con-inner\">\n\t\t\t\t<div class=\"elementor-element elementor-element-579b7c53 elementor-widget elementor-widget-text-editor\" data-id=\"579b7c53\" data-element_type=\"widget\" data-e-type=\"widget\" data-widget_type=\"text-editor.default\">\n\t\t\t\t<div class=\"elementor-widget-container\">\n\t\t\t\t\t\t\t\t\t\n<p>Todos, em algum momento da vida, se perguntam o que acontece ap\u00f3s a morte. Ao longo da hist\u00f3ria, algumas das mentes mais ponderadas defenderam que a vida n\u00e3o termina com a morte do nosso corpo, mas continua atrav\u00e9s de um processo conhecido como reencarna\u00e7\u00e3o. No mundo ocidental, os seguidores da religi\u00e3o \u00d3rfica na Gr\u00e9cia antiga foram os primeiros expoentes conhecidos da reencarna\u00e7\u00e3o. Eles foram sucedidos por Pit\u00e1goras, S\u00f3crates, Plat\u00e3o e uma s\u00e9rie de outros fil\u00f3sofos.<\/p>\n\n\n\n<p>A literatura v\u00e9dica da \u00cdndia defende que a alma, ou atma, d\u00e1 vida ao corpo. A vida n\u00e3o surge de uma combina\u00e7\u00e3o espec\u00edfica de elementos materiais, como teorizam alguns cientistas modernos. Na hora da morte, deixamos um corpo e entramos em outro. Isso se chama reencarna\u00e7\u00e3o.<\/p>\n\n\n\n<p>O conceito n\u00e3o \u00e9 t\u00e3o estranho quanto pode parecer. Podemos observar que mudamos de um corpo para outro ao longo da vida. Nosso corpo ao nascer \u00e9 completamente diferente do nosso corpo adulto. No entanto, ao longo destas mudan\u00e7as, o eu consciente permanece o mesmo. Da mesma forma, o eu consciente permanece o mesmo na morte e \u00e9 transferido de um corpo para outro no ciclo de reencarna\u00e7\u00e3o.<\/p>\n\n\n\n<p>Nosso corpo atual \u00e9 o resultado de uma longa s\u00e9rie de a\u00e7\u00f5es e rea\u00e7\u00f5es em vidas anteriores. A lei que rege isso \u00e9 conhecida como carma: toda a\u00e7\u00e3o tem uma rea\u00e7\u00e3o. Nossas a\u00e7\u00f5es anteriores produziram nosso corpo atual, e nossas a\u00e7\u00f5es atuais determinar\u00e3o nosso pr\u00f3ximo corpo.<\/p>\n\n\n\n<p>Somente na forma humana podemos nos libertar do ciclo intermin\u00e1vel de reencarna\u00e7\u00e3o, de nascimento e morte, restabelecendo nosso relacionamento eterno e amoroso com o Senhor Krishna. Como Krishna afirma no Bhagavad Gita 8.16: \u201cDo planeta mais elevado do mundo material at\u00e9 o mais baixo, todos s\u00e3o lugares de mis\u00e9ria onde ocorrem repetidos nascimentos e mortes. Mas algu\u00e9m chega \u00e0 Minha morada&#8230; nunca mais nasce.\u201d<\/p>\n\t\t\t\t\t\t\t\t<\/div>\n\t\t\t\t<\/div>\n\t\t\t\t\t<\/div>\n\t\t\t\t<\/div>\n\t\t\t\t<\/div>\n\t\t","protected":false},"excerpt":{"rendered":"<p>Todos, em algum momento da vida, se perguntam o que acontece ap\u00f3s a morte. Ao longo da hist\u00f3ria, algumas das mentes mais ponderadas defenderam que a vida n\u00e3o termina com a morte do nosso corpo, mas continua atrav\u00e9s de um processo conhecido como reencarna\u00e7\u00e3o. No mundo ocidental, os seguidores da religi\u00e3o \u00d3rfica na Gr\u00e9cia antiga [&hellip;]<\/p>\n","protected":false},"author":1,"featured_media":0,"parent":0,"menu_order":0,"comment_status":"closed","ping_status":"closed","template":"","meta":{"_uag_custom_page_level_css":"","_themeisle_gutenberg_block_has_review":false,"footnotes":""},"class_list":["post-179","page","type-page","status-publish","hentry"],"_hostinger_reach_plugin_has_subscription_block":false,"_hostinger_reach_plugin_is_elementor":false,"uagb_featured_image_src":{"full":false,"thumbnail":false,"medium":false,"medium_large":false,"large":false,"1536x1536":false,"2048x2048":false},"uagb_author_info":{"display_name":"iskconbrasil.com","author_link":"https:\/\/iskconbrasil.com\/index.php\/author\/iskconbrasil-com\/"},"uagb_comment_info":0,"uagb_excerpt":"Todos, em algum momento da vida, se perguntam o que acontece ap\u00f3s a morte. Ao longo da hist\u00f3ria, algumas das mentes mais ponderadas defenderam que a vida n\u00e3o termina com a morte do nosso corpo, mas continua atrav\u00e9s de um processo conhecido como reencarna\u00e7\u00e3o. No mundo ocidental, os seguidores da religi\u00e3o \u00d3rfica na Gr\u00e9cia antiga&hellip;","_links":{"self":[{"href":"https:\/\/iskconbrasil.com\/index.php\/wp-json\/wp\/v2\/pages\/179","targetHints":{"allow":["GET"]}}],"collection":[{"href":"https:\/\/iskconbrasil.com\/index.php\/wp-json\/wp\/v2\/pages"}],"about":[{"href":"https:\/\/iskconbrasil.com\/index.php\/wp-json\/wp\/v2\/types\/page"}],"author":[{"embeddable":true,"href":"https:\/\/iskconbrasil.com\/index.php\/wp-json\/wp\/v2\/users\/1"}],"replies":[{"embeddable":true,"href":"https:\/\/iskconbrasil.com\/index.php\/wp-json\/wp\/v2\/comments?post=179"}],"version-history":[{"count":5,"href":"https:\/\/iskconbrasil.com\/index.php\/wp-json\/wp\/v2\/pages\/179\/revisions"}],"predecessor-version":[{"id":504,"href":"https:\/\/iskconbrasil.com\/index.php\/wp-json\/wp\/v2\/pages\/179\/revisions\/504"}],"wp:attachment":[{"href":"https:\/\/iskconbrasil.com\/index.php\/wp-json\/wp\/v2\/media?parent=179"}],"curies":[{"name":"wp","href":"https:\/\/api.w.org\/{rel}","templated":true}]}}