{"id":171,"date":"2024-04-21T20:05:36","date_gmt":"2024-04-21T23:05:36","guid":{"rendered":"https:\/\/iskconbrasil.com\/?page_id=171"},"modified":"2024-05-05T13:08:20","modified_gmt":"2024-05-05T16:08:20","slug":"deus-e-uma-pessoa","status":"publish","type":"page","link":"https:\/\/iskconbrasil.com\/index.php\/deus-e-uma-pessoa\/","title":{"rendered":"Deus \u00e9 uma pessoa"},"content":{"rendered":"\t\t<div data-elementor-type=\"wp-page\" data-elementor-id=\"171\" class=\"elementor elementor-171\">\n\t\t\t\t<div class=\"elementor-element elementor-element-7572a2d6 e-flex e-con-boxed e-con e-parent\" data-id=\"7572a2d6\" data-element_type=\"container\" data-e-type=\"container\">\n\t\t\t\t\t<div class=\"e-con-inner\">\n\t\t\t\t<div class=\"elementor-element elementor-element-19444e1a elementor-widget elementor-widget-text-editor\" data-id=\"19444e1a\" data-element_type=\"widget\" data-e-type=\"widget\" data-widget_type=\"text-editor.default\">\n\t\t\t\t<div class=\"elementor-widget-container\">\n\t\t\t\t\t\t\t\t\t\n<p>Embora Deus seja amplamente reconhecido como a maior pessoa, Sua forma e personalidade n\u00e3o s\u00e3o amplamente conhecidas. At\u00e9 mesmo muitos te\u00edstas pensam que, em \u00faltima an\u00e1lise, Deus n\u00e3o tem forma. Imagens do Senhor Krishna tocando flauta s\u00e3o comumente descartadas como representa\u00e7\u00f5es mitol\u00f3gicas pitorescas do inef\u00e1vel e sem rosto \u201cDivino\u201d.<\/p>\n\n\n\n<p>Contudo, h\u00e1 evid\u00eancias contundentes que sugerem que a Pessoa Suprema n\u00e3o \u00e9 nada abstrata. Nos Vedas \u2013 a mais antiga e abrangente de todas as escrituras mundiais \u2013 pode-se descobrir que a Verdade Absoluta tem aspectos tanto impessoais quanto pessoais. Sua personalidade eterna, bem-aventurada, onisciente e onisciente tende a permanecer oculta por tr\u00e1s de Sua majestade onipresente e grandeza avassaladora.<\/p>\n\n\n\n<p>Uma vez que tudo na nossa experi\u00eancia tem forma e qualidades, faz sentido que a fonte de todas as fontes tamb\u00e9m o tenha, num grau infinito. Assim como as gotas de \u00e1gua do oceano t\u00eam as qualidades do oceano em graus diminutos, nossas formas e personalidades s\u00e3o amostras infinitesimais da infinita Pessoa Suprema.<\/p>\n\n\n\n<p>Os escritos v\u00e9dicos descrevem em detalhes os nomes, atividades, opul\u00eancias e associados ilimitados da Pessoa Suprema. Krishna (\u201ctodo-atraente\u201d) \u00e9 como Ele \u00e9 chamado por aqueles que est\u00e3o mais interessados \u200b\u200bem Sua personalidade suprema e transcendental do que em Sua grandeza.<\/p>\n\n\n\n<p>Livros como o Srimad-Bhagavatam e o Brahma-samhita cont\u00eam relatos elaborados das muitas formas e atividades atrativas de Krishna, tanto neste universo tempor\u00e1rio quanto no mundo al\u00e9m.<\/p>\n\t\t\t\t\t\t\t\t<\/div>\n\t\t\t\t<\/div>\n\t\t\t\t\t<\/div>\n\t\t\t\t<\/div>\n\t\t\t\t<\/div>\n\t\t","protected":false},"excerpt":{"rendered":"<p>Embora Deus seja amplamente reconhecido como a maior pessoa, Sua forma e personalidade n\u00e3o s\u00e3o amplamente conhecidas. At\u00e9 mesmo muitos te\u00edstas pensam que, em \u00faltima an\u00e1lise, Deus n\u00e3o tem forma. Imagens do Senhor Krishna tocando flauta s\u00e3o comumente descartadas como representa\u00e7\u00f5es mitol\u00f3gicas pitorescas do inef\u00e1vel e sem rosto \u201cDivino\u201d. Contudo, h\u00e1 evid\u00eancias contundentes que sugerem [&hellip;]<\/p>\n","protected":false},"author":1,"featured_media":0,"parent":0,"menu_order":0,"comment_status":"closed","ping_status":"closed","template":"","meta":{"_uag_custom_page_level_css":"","_themeisle_gutenberg_block_has_review":false,"footnotes":""},"class_list":["post-171","page","type-page","status-publish","hentry"],"_hostinger_reach_plugin_has_subscription_block":false,"_hostinger_reach_plugin_is_elementor":false,"uagb_featured_image_src":{"full":false,"thumbnail":false,"medium":false,"medium_large":false,"large":false,"1536x1536":false,"2048x2048":false},"uagb_author_info":{"display_name":"iskconbrasil.com","author_link":"https:\/\/iskconbrasil.com\/index.php\/author\/iskconbrasil-com\/"},"uagb_comment_info":0,"uagb_excerpt":"Embora Deus seja amplamente reconhecido como a maior pessoa, Sua forma e personalidade n\u00e3o s\u00e3o amplamente conhecidas. At\u00e9 mesmo muitos te\u00edstas pensam que, em \u00faltima an\u00e1lise, Deus n\u00e3o tem forma. Imagens do Senhor Krishna tocando flauta s\u00e3o comumente descartadas como representa\u00e7\u00f5es mitol\u00f3gicas pitorescas do inef\u00e1vel e sem rosto \u201cDivino\u201d. Contudo, h\u00e1 evid\u00eancias contundentes que sugerem&hellip;","_links":{"self":[{"href":"https:\/\/iskconbrasil.com\/index.php\/wp-json\/wp\/v2\/pages\/171","targetHints":{"allow":["GET"]}}],"collection":[{"href":"https:\/\/iskconbrasil.com\/index.php\/wp-json\/wp\/v2\/pages"}],"about":[{"href":"https:\/\/iskconbrasil.com\/index.php\/wp-json\/wp\/v2\/types\/page"}],"author":[{"embeddable":true,"href":"https:\/\/iskconbrasil.com\/index.php\/wp-json\/wp\/v2\/users\/1"}],"replies":[{"embeddable":true,"href":"https:\/\/iskconbrasil.com\/index.php\/wp-json\/wp\/v2\/comments?post=171"}],"version-history":[{"count":5,"href":"https:\/\/iskconbrasil.com\/index.php\/wp-json\/wp\/v2\/pages\/171\/revisions"}],"predecessor-version":[{"id":548,"href":"https:\/\/iskconbrasil.com\/index.php\/wp-json\/wp\/v2\/pages\/171\/revisions\/548"}],"wp:attachment":[{"href":"https:\/\/iskconbrasil.com\/index.php\/wp-json\/wp\/v2\/media?parent=171"}],"curies":[{"name":"wp","href":"https:\/\/api.w.org\/{rel}","templated":true}]}}