{"id":169,"date":"2024-04-21T20:05:36","date_gmt":"2024-04-21T23:05:36","guid":{"rendered":"https:\/\/iskconbrasil.com\/?page_id=169"},"modified":"2024-05-05T13:08:48","modified_gmt":"2024-05-05T16:08:48","slug":"bhakti-yoga","status":"publish","type":"page","link":"https:\/\/iskconbrasil.com\/index.php\/bhakti-yoga\/","title":{"rendered":"Bhakti Yoga"},"content":{"rendered":"\t\t<div data-elementor-type=\"wp-page\" data-elementor-id=\"169\" class=\"elementor elementor-169\">\n\t\t\t\t<div class=\"elementor-element elementor-element-680b49e4 e-flex e-con-boxed e-con e-parent\" data-id=\"680b49e4\" data-element_type=\"container\" data-e-type=\"container\">\n\t\t\t\t\t<div class=\"e-con-inner\">\n\t\t\t\t<div class=\"elementor-element elementor-element-3c3131bc elementor-widget elementor-widget-text-editor\" data-id=\"3c3131bc\" data-element_type=\"widget\" data-e-type=\"widget\" data-widget_type=\"text-editor.default\">\n\t\t\t\t<div class=\"elementor-widget-container\">\n\t\t\t\t\t\t\t\t\t\n<p>Yoga \u00e9 mais do que apenas um exerc\u00edcio f\u00edsico. A palavra \u201cioga\u201d vem da raiz s\u00e2nscrita Yuj, que significa conectar-se ou combinar. Bhakti \u00e9 derivado da palavra s\u00e2nscrita bhaj, que significa \u2013 servi\u00e7o amoroso. Bhakti-yoga significa conectar-se ao Supremo por meio do servi\u00e7o devocional amoroso.<\/p>\n\n\n\n<p>O Bhagavad Gita, o texto espiritual central da ISKCON, descreve uma variedade de pr\u00e1ticas de yoga. Entre eles est\u00e3o karma-yoga (a pr\u00e1tica da a\u00e7\u00e3o consciente), jnana-yoga (estudo filos\u00f3fico e contempla\u00e7\u00e3o) e hatha-yoga (a pr\u00e1tica de yoga-asanas e exerc\u00edcios respirat\u00f3rios).<\/p>\n\n\n\n<p>Hoje, alguns praticantes de ioga consideram os benef\u00edcios f\u00edsicos da ioga o fim em si mesmos. Mas de acordo com os sistemas tradicionais de yoga, os exerc\u00edcios f\u00edsicos s\u00e3o apenas um passo no caminho da realiza\u00e7\u00e3o de Deus. Em \u00faltima an\u00e1lise, o Gita prescreve bhakti-yoga (o caminho da dedica\u00e7\u00e3o e do amor) como o culminar de outras pr\u00e1ticas de yoga. Bhakti-yoga se concentra em desenvolver nossa dedica\u00e7\u00e3o, servi\u00e7o e amor pela Divindade, Senhor Krishna.<\/p>\n\n\n\n<p>O caminho do bhakti-yoga \u00e9 desenvolvido atrav\u00e9s de uma variedade de atividades. Isso inclui a medita\u00e7\u00e3o mantra ou o canto dos nomes de Deus. O canto \u00e9 feito individualmente em contas (japa) ou em comunidade, cantando mantras acompanhados de m\u00fasica (kirtan). O estudo de textos sagrados como o Bhagavad-gita e o Srimad Bhagavatam, associar-se com aspirantes espirituais que pensam da mesma forma, comer comida vegetariana santificada e viver de uma forma que defenda os princ\u00edpios de veracidade, miseric\u00f3rdia, austeridade e limpeza, s\u00e3o todos fundamentais. pr\u00e1ticas para uma vida de seguidor de bhakti.<\/p>\n\t\t\t\t\t\t\t\t<\/div>\n\t\t\t\t<\/div>\n\t\t\t\t\t<\/div>\n\t\t\t\t<\/div>\n\t\t\t\t<\/div>\n\t\t","protected":false},"excerpt":{"rendered":"<p>Yoga \u00e9 mais do que apenas um exerc\u00edcio f\u00edsico. A palavra \u201cioga\u201d vem da raiz s\u00e2nscrita Yuj, que significa conectar-se ou combinar. Bhakti \u00e9 derivado da palavra s\u00e2nscrita bhaj, que significa \u2013 servi\u00e7o amoroso. Bhakti-yoga significa conectar-se ao Supremo por meio do servi\u00e7o devocional amoroso. O Bhagavad Gita, o texto espiritual central da ISKCON, descreve [&hellip;]<\/p>\n","protected":false},"author":1,"featured_media":0,"parent":0,"menu_order":0,"comment_status":"closed","ping_status":"closed","template":"","meta":{"_uag_custom_page_level_css":"","_themeisle_gutenberg_block_has_review":false,"footnotes":""},"class_list":["post-169","page","type-page","status-publish","hentry"],"_hostinger_reach_plugin_has_subscription_block":false,"_hostinger_reach_plugin_is_elementor":false,"uagb_featured_image_src":{"full":false,"thumbnail":false,"medium":false,"medium_large":false,"large":false,"1536x1536":false,"2048x2048":false},"uagb_author_info":{"display_name":"iskconbrasil.com","author_link":"https:\/\/iskconbrasil.com\/index.php\/author\/iskconbrasil-com\/"},"uagb_comment_info":0,"uagb_excerpt":"Yoga \u00e9 mais do que apenas um exerc\u00edcio f\u00edsico. A palavra \u201cioga\u201d vem da raiz s\u00e2nscrita Yuj, que significa conectar-se ou combinar. Bhakti \u00e9 derivado da palavra s\u00e2nscrita bhaj, que significa \u2013 servi\u00e7o amoroso. Bhakti-yoga significa conectar-se ao Supremo por meio do servi\u00e7o devocional amoroso. O Bhagavad Gita, o texto espiritual central da ISKCON, descreve&hellip;","_links":{"self":[{"href":"https:\/\/iskconbrasil.com\/index.php\/wp-json\/wp\/v2\/pages\/169","targetHints":{"allow":["GET"]}}],"collection":[{"href":"https:\/\/iskconbrasil.com\/index.php\/wp-json\/wp\/v2\/pages"}],"about":[{"href":"https:\/\/iskconbrasil.com\/index.php\/wp-json\/wp\/v2\/types\/page"}],"author":[{"embeddable":true,"href":"https:\/\/iskconbrasil.com\/index.php\/wp-json\/wp\/v2\/users\/1"}],"replies":[{"embeddable":true,"href":"https:\/\/iskconbrasil.com\/index.php\/wp-json\/wp\/v2\/comments?post=169"}],"version-history":[{"count":5,"href":"https:\/\/iskconbrasil.com\/index.php\/wp-json\/wp\/v2\/pages\/169\/revisions"}],"predecessor-version":[{"id":551,"href":"https:\/\/iskconbrasil.com\/index.php\/wp-json\/wp\/v2\/pages\/169\/revisions\/551"}],"wp:attachment":[{"href":"https:\/\/iskconbrasil.com\/index.php\/wp-json\/wp\/v2\/media?parent=169"}],"curies":[{"name":"wp","href":"https:\/\/api.w.org\/{rel}","templated":true}]}}