{"id":126,"date":"2024-04-21T20:05:36","date_gmt":"2024-04-21T23:05:36","guid":{"rendered":"https:\/\/iskconbrasil.com\/?page_id=126"},"modified":"2024-05-05T08:44:08","modified_gmt":"2024-05-05T11:44:08","slug":"missao","status":"publish","type":"page","link":"https:\/\/iskconbrasil.com\/index.php\/missao\/","title":{"rendered":"Miss\u00e3o"},"content":{"rendered":"\t\t<div data-elementor-type=\"wp-page\" data-elementor-id=\"126\" class=\"elementor elementor-126\">\n\t\t\t\t<div class=\"elementor-element elementor-element-58075f6b e-flex e-con-boxed e-con e-parent\" data-id=\"58075f6b\" data-element_type=\"container\" data-e-type=\"container\">\n\t\t\t\t\t<div class=\"e-con-inner\">\n\t\t\t\t<div class=\"elementor-element elementor-element-27c4f5b9 elementor-widget elementor-widget-text-editor\" data-id=\"27c4f5b9\" data-element_type=\"widget\" data-e-type=\"widget\" data-widget_type=\"text-editor.default\">\n\t\t\t\t<div class=\"elementor-widget-container\">\n\t\t\t\t\t\t\t\t\t<p><\/p>\n<p><b>7 prop\u00f3sitos da ISKCON<\/b><\/p>\n<p><\/p>\n<p><\/p>\n<p>Srila Prabhupada fundou a ISKCON em julho de 1966. O documento de incorpora\u00e7\u00e3o declara os Sete Prop\u00f3sitos da ISKCON:<\/p>\n<p><\/p>\n<p><\/p>\n<p><b>(1) <\/b>Propagar sistematicamente o conhecimento espiritual para a sociedade em geral e educar todos os povos nas t\u00e9cnicas da vida espiritual, a fim de verificar o desequil\u00edbrio de valores na vida e alcan\u00e7ar a verdadeira unidade e paz no mundo.<\/p>\n<p><\/p>\n<p><\/p>\n<p><b>(2) <\/b>Propagar a consci\u00eancia de Krishna conforme revelada no Bhagavad-gita e no Srimad Bhagavatam.<\/p>\n<p><\/p>\n<p><\/p>\n<p><b>(3) <\/b>Reunir os membros da Sociedade uns com os outros e mais pr\u00f3ximos de Krishna, a entidade principal, e assim desenvolver a ideia, dentro dos membros e da humanidade em geral, de que cada alma \u00e9 parte integrante da qualidade do Supremo (Krishna).<\/p>\n<p><\/p>\n<p><\/p>\n<p><b>(4)<\/b> Ensinar e encorajar o movimento Sankirtan de canto congregacional do santo nome de Deus conforme revelado nos ensinamentos do Senhor Sri Chaitanya Mahaprabhu.<\/p>\n<p><\/p>\n<p><\/p>\n<p><b>(5)<\/b> Erguer para os membros e para a sociedade em geral um lugar sagrado de passatempos transcendentais, dedicado \u00e0 personalidade de Krishna.<\/p>\n<p><\/p>\n<p><\/p>\n<p><b>(6) <\/b>Aproximar os membros com o prop\u00f3sito de ensinar um modo de vida mais simples e natural.<\/p>\n<p><\/p>\n<p><\/p>\n<p><b>(7)<\/b> Com vista \u00e0 consecu\u00e7\u00e3o dos fins acima mencionados, publicar e distribuir peri\u00f3dicos, revistas, livros e outros escritos.<\/p>\n<p><\/p>\t\t\t\t\t\t\t\t<\/div>\n\t\t\t\t<\/div>\n\t\t\t\t\t<\/div>\n\t\t\t\t<\/div>\n\t\t\t\t<\/div>\n\t\t","protected":false},"excerpt":{"rendered":"<p>7 prop\u00f3sitos da ISKCON Srila Prabhupada fundou a ISKCON em julho de 1966. O documento de incorpora\u00e7\u00e3o declara os Sete Prop\u00f3sitos da ISKCON: (1) Propagar sistematicamente o conhecimento espiritual para a sociedade em geral e educar todos os povos nas t\u00e9cnicas da vida espiritual, a fim de verificar o desequil\u00edbrio de valores na vida e [&hellip;]<\/p>\n","protected":false},"author":1,"featured_media":0,"parent":0,"menu_order":0,"comment_status":"closed","ping_status":"closed","template":"","meta":{"_uag_custom_page_level_css":"","_themeisle_gutenberg_block_has_review":false,"footnotes":""},"class_list":["post-126","page","type-page","status-publish","hentry"],"_hostinger_reach_plugin_has_subscription_block":false,"_hostinger_reach_plugin_is_elementor":false,"uagb_featured_image_src":{"full":false,"thumbnail":false,"medium":false,"medium_large":false,"large":false,"1536x1536":false,"2048x2048":false},"uagb_author_info":{"display_name":"iskconbrasil.com","author_link":"https:\/\/iskconbrasil.com\/index.php\/author\/iskconbrasil-com\/"},"uagb_comment_info":0,"uagb_excerpt":"7 prop\u00f3sitos da ISKCON Srila Prabhupada fundou a ISKCON em julho de 1966. O documento de incorpora\u00e7\u00e3o declara os Sete Prop\u00f3sitos da ISKCON: (1) Propagar sistematicamente o conhecimento espiritual para a sociedade em geral e educar todos os povos nas t\u00e9cnicas da vida espiritual, a fim de verificar o desequil\u00edbrio de valores na vida e&hellip;","_links":{"self":[{"href":"https:\/\/iskconbrasil.com\/index.php\/wp-json\/wp\/v2\/pages\/126","targetHints":{"allow":["GET"]}}],"collection":[{"href":"https:\/\/iskconbrasil.com\/index.php\/wp-json\/wp\/v2\/pages"}],"about":[{"href":"https:\/\/iskconbrasil.com\/index.php\/wp-json\/wp\/v2\/types\/page"}],"author":[{"embeddable":true,"href":"https:\/\/iskconbrasil.com\/index.php\/wp-json\/wp\/v2\/users\/1"}],"replies":[{"embeddable":true,"href":"https:\/\/iskconbrasil.com\/index.php\/wp-json\/wp\/v2\/comments?post=126"}],"version-history":[{"count":7,"href":"https:\/\/iskconbrasil.com\/index.php\/wp-json\/wp\/v2\/pages\/126\/revisions"}],"predecessor-version":[{"id":371,"href":"https:\/\/iskconbrasil.com\/index.php\/wp-json\/wp\/v2\/pages\/126\/revisions\/371"}],"wp:attachment":[{"href":"https:\/\/iskconbrasil.com\/index.php\/wp-json\/wp\/v2\/media?parent=126"}],"curies":[{"name":"wp","href":"https:\/\/api.w.org\/{rel}","templated":true}]}}